{"id":85,"date":"2016-05-11T09:35:48","date_gmt":"2016-05-11T09:35:48","guid":{"rendered":"http:\/\/materialzine.orange-themes.com\/?page_id=81"},"modified":"2017-05-23T22:26:52","modified_gmt":"2017-05-24T01:26:52","slug":"contato","status":"publish","type":"page","link":"https:\/\/juacontecimentos.com.br\/site\/contato\/","title":{"rendered":"Contato"},"content":{"rendered":"<p>O <strong>Jornal \u00daltimos Acontecimentos<\/strong>, est\u00e1 inscrito e registrado na cidade de <strong>Catal\u00e3o \u2013 GO<\/strong>, e com sua periodicidade mensalmente, v\u00ea no jornal impresso valor hist\u00f3rico por documentar a sociedade de uma \u00e9poca.<\/p>\n<p>Este se faz, atrav\u00e9s das reportagens di\u00e1rias que podem ser tra\u00e7ados paralelos entre o passado, futuro e presente.<\/p>\n<p>\u201cAcreditamos que o jornal impresso \u00e9 o \u00fanico que re\u00fane os ingredientes para se perpetuar no tempo\u201d, relata <strong>Reginaldo Ribeiro diretor administrativo<\/strong>.<\/p>\n<p>[list][item icon=&#8221;fa-phone&#8221; ](64) 9 9922-0054[\/item][item icon=&#8221;fa-envelope&#8221; ]ultimosacontecimentos@gmail.com[\/item][item icon=&#8221;fa-map-marker&#8221; ]Catal\u00e3o &#8211; Goi\u00e1s[\/item][\/list]<br \/>\n<\/p>\n","protected":false},"excerpt":{"rendered":"<p>O Jornal \u00daltimos Acontecimentos, est\u00e1 inscrito e registrado na cidade de Catal\u00e3o \u2013 GO, e com sua periodicidade mensalmente, v\u00ea no jornal impresso valor hist\u00f3rico por documentar a sociedade de uma \u00e9poca. Este se faz, atrav\u00e9s das reportagens di\u00e1rias que podem ser tra\u00e7ados paralelos entre o passado, futuro e presente. \u201cAcreditamos que o jornal impresso<\/p>\n","protected":false},"author":2,"featured_media":24,"parent":0,"menu_order":0,"comment_status":"closed","ping_status":"closed","template":"template-contact.php","meta":{"footnotes":""},"class_list":["post-85","page","type-page","status-publish","has-post-thumbnail","hentry"],"yoast_head":"<!-- This site is optimized with the Yoast SEO plugin v25.8 - https:\/\/yoast.com\/wordpress\/plugins\/seo\/ -->\n<title>Contato - Jornal Ultimos Acontecimentos<\/title>\n<meta name=\"robots\" content=\"index, follow, max-snippet:-1, max-image-preview:large, max-video-preview:-1\" \/>\n<link rel=\"canonical\" href=\"https:\/\/juacontecimentos.com.br\/site\/contato\/\" \/>\n<meta property=\"og:locale\" content=\"pt_BR\" \/>\n<meta property=\"og:type\" content=\"article\" \/>\n<meta property=\"og:title\" content=\"Contato - Jornal Ultimos Acontecimentos\" \/>\n<meta property=\"og:description\" content=\"O Jornal \u00daltimos Acontecimentos, est\u00e1 inscrito e registrado na cidade de Catal\u00e3o \u2013 GO, e com sua periodicidade mensalmente, v\u00ea no jornal impresso valor hist\u00f3rico por documentar a sociedade de uma \u00e9poca. Este se faz, atrav\u00e9s das reportagens di\u00e1rias que podem ser tra\u00e7ados paralelos entre o passado, futuro e presente. \u201cAcreditamos que o jornal impresso\" \/>\n<meta property=\"og:url\" content=\"https:\/\/juacontecimentos.com.br\/site\/contato\/\" \/>\n<meta property=\"og:site_name\" content=\"Jornal Ultimos Acontecimentos\" \/>\n<meta property=\"article:publisher\" content=\"https:\/\/www.facebook.com\/jultimosacontecimentos\/\" \/>\n<meta property=\"article:modified_time\" content=\"2017-05-24T01:26:52+00:00\" \/>\n<meta name=\"twitter:card\" content=\"summary_large_image\" \/>\n<script type=\"application\/ld+json\" class=\"yoast-schema-graph\">{\"@context\":\"https:\/\/schema.org\",\"@graph\":[{\"@type\":\"WebPage\",\"@id\":\"https:\/\/juacontecimentos.com.br\/site\/contato\/\",\"url\":\"https:\/\/juacontecimentos.com.br\/site\/contato\/\",\"name\":\"Contato - Jornal Ultimos Acontecimentos\",\"isPartOf\":{\"@id\":\"https:\/\/juacontecimentos.com.br\/site\/#website\"},\"primaryImageOfPage\":{\"@id\":\"https:\/\/juacontecimentos.com.br\/site\/contato\/#primaryimage\"},\"image\":{\"@id\":\"https:\/\/juacontecimentos.com.br\/site\/contato\/#primaryimage\"},\"thumbnailUrl\":\"\",\"datePublished\":\"2016-05-11T09:35:48+00:00\",\"dateModified\":\"2017-05-24T01:26:52+00:00\",\"breadcrumb\":{\"@id\":\"https:\/\/juacontecimentos.com.br\/site\/contato\/#breadcrumb\"},\"inLanguage\":\"pt-BR\",\"potentialAction\":[{\"@type\":\"ReadAction\",\"target\":[\"https:\/\/juacontecimentos.com.br\/site\/contato\/\"]}]},{\"@type\":\"ImageObject\",\"inLanguage\":\"pt-BR\",\"@id\":\"https:\/\/juacontecimentos.com.br\/site\/contato\/#primaryimage\",\"url\":\"\",\"contentUrl\":\"\"},{\"@type\":\"BreadcrumbList\",\"@id\":\"https:\/\/juacontecimentos.com.br\/site\/contato\/#breadcrumb\",\"itemListElement\":[{\"@type\":\"ListItem\",\"position\":1,\"name\":\"In\u00edcio\",\"item\":\"https:\/\/juacontecimentos.com.br\/site\/\"},{\"@type\":\"ListItem\",\"position\":2,\"name\":\"Contato\"}]},{\"@type\":\"WebSite\",\"@id\":\"https:\/\/juacontecimentos.com.br\/site\/#website\",\"url\":\"https:\/\/juacontecimentos.com.br\/site\/\",\"name\":\"Jornal Ultimos Acontecimentos\",\"description\":\"Catal\u00e3o e regi\u00e3o\",\"publisher\":{\"@id\":\"https:\/\/juacontecimentos.com.br\/site\/#organization\"},\"potentialAction\":[{\"@type\":\"SearchAction\",\"target\":{\"@type\":\"EntryPoint\",\"urlTemplate\":\"https:\/\/juacontecimentos.com.br\/site\/?s={search_term_string}\"},\"query-input\":{\"@type\":\"PropertyValueSpecification\",\"valueRequired\":true,\"valueName\":\"search_term_string\"}}],\"inLanguage\":\"pt-BR\"},{\"@type\":\"Organization\",\"@id\":\"https:\/\/juacontecimentos.com.br\/site\/#organization\",\"name\":\"Jornal Ultimos Acontecimentos\",\"url\":\"https:\/\/juacontecimentos.com.br\/site\/\",\"logo\":{\"@type\":\"ImageObject\",\"inLanguage\":\"pt-BR\",\"@id\":\"https:\/\/juacontecimentos.com.br\/site\/#\/schema\/logo\/image\/\",\"url\":\"https:\/\/juacontecimentos.com.br\/site\/wp-content\/uploads\/2023\/04\/Logo_Site.png\",\"contentUrl\":\"https:\/\/juacontecimentos.com.br\/site\/wp-content\/uploads\/2023\/04\/Logo_Site.png\",\"width\":2476,\"height\":530,\"caption\":\"Jornal Ultimos Acontecimentos\"},\"image\":{\"@id\":\"https:\/\/juacontecimentos.com.br\/site\/#\/schema\/logo\/image\/\"},\"sameAs\":[\"https:\/\/www.facebook.com\/jultimosacontecimentos\/\"]}]}<\/script>\n<!-- \/ Yoast SEO plugin. -->","yoast_head_json":{"title":"Contato - Jornal Ultimos Acontecimentos","robots":{"index":"index","follow":"follow","max-snippet":"max-snippet:-1","max-image-preview":"max-image-preview:large","max-video-preview":"max-video-preview:-1"},"canonical":"https:\/\/juacontecimentos.com.br\/site\/contato\/","og_locale":"pt_BR","og_type":"article","og_title":"Contato - Jornal Ultimos Acontecimentos","og_description":"O Jornal \u00daltimos Acontecimentos, est\u00e1 inscrito e registrado na cidade de Catal\u00e3o \u2013 GO, e com sua periodicidade mensalmente, v\u00ea no jornal impresso valor hist\u00f3rico por documentar a sociedade de uma \u00e9poca. Este se faz, atrav\u00e9s das reportagens di\u00e1rias que podem ser tra\u00e7ados paralelos entre o passado, futuro e presente. \u201cAcreditamos que o jornal impresso","og_url":"https:\/\/juacontecimentos.com.br\/site\/contato\/","og_site_name":"Jornal Ultimos Acontecimentos","article_publisher":"https:\/\/www.facebook.com\/jultimosacontecimentos\/","article_modified_time":"2017-05-24T01:26:52+00:00","twitter_card":"summary_large_image","schema":{"@context":"https:\/\/schema.org","@graph":[{"@type":"WebPage","@id":"https:\/\/juacontecimentos.com.br\/site\/contato\/","url":"https:\/\/juacontecimentos.com.br\/site\/contato\/","name":"Contato - Jornal Ultimos Acontecimentos","isPartOf":{"@id":"https:\/\/juacontecimentos.com.br\/site\/#website"},"primaryImageOfPage":{"@id":"https:\/\/juacontecimentos.com.br\/site\/contato\/#primaryimage"},"image":{"@id":"https:\/\/juacontecimentos.com.br\/site\/contato\/#primaryimage"},"thumbnailUrl":"","datePublished":"2016-05-11T09:35:48+00:00","dateModified":"2017-05-24T01:26:52+00:00","breadcrumb":{"@id":"https:\/\/juacontecimentos.com.br\/site\/contato\/#breadcrumb"},"inLanguage":"pt-BR","potentialAction":[{"@type":"ReadAction","target":["https:\/\/juacontecimentos.com.br\/site\/contato\/"]}]},{"@type":"ImageObject","inLanguage":"pt-BR","@id":"https:\/\/juacontecimentos.com.br\/site\/contato\/#primaryimage","url":"","contentUrl":""},{"@type":"BreadcrumbList","@id":"https:\/\/juacontecimentos.com.br\/site\/contato\/#breadcrumb","itemListElement":[{"@type":"ListItem","position":1,"name":"In\u00edcio","item":"https:\/\/juacontecimentos.com.br\/site\/"},{"@type":"ListItem","position":2,"name":"Contato"}]},{"@type":"WebSite","@id":"https:\/\/juacontecimentos.com.br\/site\/#website","url":"https:\/\/juacontecimentos.com.br\/site\/","name":"Jornal Ultimos Acontecimentos","description":"Catal\u00e3o e regi\u00e3o","publisher":{"@id":"https:\/\/juacontecimentos.com.br\/site\/#organization"},"potentialAction":[{"@type":"SearchAction","target":{"@type":"EntryPoint","urlTemplate":"https:\/\/juacontecimentos.com.br\/site\/?s={search_term_string}"},"query-input":{"@type":"PropertyValueSpecification","valueRequired":true,"valueName":"search_term_string"}}],"inLanguage":"pt-BR"},{"@type":"Organization","@id":"https:\/\/juacontecimentos.com.br\/site\/#organization","name":"Jornal Ultimos Acontecimentos","url":"https:\/\/juacontecimentos.com.br\/site\/","logo":{"@type":"ImageObject","inLanguage":"pt-BR","@id":"https:\/\/juacontecimentos.com.br\/site\/#\/schema\/logo\/image\/","url":"https:\/\/juacontecimentos.com.br\/site\/wp-content\/uploads\/2023\/04\/Logo_Site.png","contentUrl":"https:\/\/juacontecimentos.com.br\/site\/wp-content\/uploads\/2023\/04\/Logo_Site.png","width":2476,"height":530,"caption":"Jornal Ultimos Acontecimentos"},"image":{"@id":"https:\/\/juacontecimentos.com.br\/site\/#\/schema\/logo\/image\/"},"sameAs":["https:\/\/www.facebook.com\/jultimosacontecimentos\/"]}]}},"_links":{"self":[{"href":"https:\/\/juacontecimentos.com.br\/site\/wp-json\/wp\/v2\/pages\/85","targetHints":{"allow":["GET"]}}],"collection":[{"href":"https:\/\/juacontecimentos.com.br\/site\/wp-json\/wp\/v2\/pages"}],"about":[{"href":"https:\/\/juacontecimentos.com.br\/site\/wp-json\/wp\/v2\/types\/page"}],"author":[{"embeddable":true,"href":"https:\/\/juacontecimentos.com.br\/site\/wp-json\/wp\/v2\/users\/2"}],"replies":[{"embeddable":true,"href":"https:\/\/juacontecimentos.com.br\/site\/wp-json\/wp\/v2\/comments?post=85"}],"version-history":[{"count":8,"href":"https:\/\/juacontecimentos.com.br\/site\/wp-json\/wp\/v2\/pages\/85\/revisions"}],"predecessor-version":[{"id":360,"href":"https:\/\/juacontecimentos.com.br\/site\/wp-json\/wp\/v2\/pages\/85\/revisions\/360"}],"wp:featuredmedia":[{"embeddable":true,"href":"https:\/\/juacontecimentos.com.br\/site\/wp-json\/"}],"wp:attachment":[{"href":"https:\/\/juacontecimentos.com.br\/site\/wp-json\/wp\/v2\/media?parent=85"}],"curies":[{"name":"wp","href":"https:\/\/api.w.org\/{rel}","templated":true}]}}